{"id":449,"date":"2024-06-27T14:56:15","date_gmt":"2024-06-27T14:56:15","guid":{"rendered":"https:\/\/daysmoroccotours.com\/es\/?page_id=449"},"modified":"2025-05-06T14:05:20","modified_gmt":"2025-05-06T14:05:20","slug":"sobre-nosotros","status":"publish","type":"page","link":"https:\/\/daysmoroccotours.com\/es\/sobre-nosotros\/","title":{"rendered":"Sobre Nosotros"},"content":{"rendered":"\n<div class=\"wp-block-uagb-image uagb-block-b4d0bcc4 wp-block-uagb-image--layout-default wp-block-uagb-image--effect-static wp-block-uagb-image--align-none\"><figure class=\"wp-block-uagb-image__figure\"><img decoding=\"async\" srcset=\"https:\/\/daysmoroccotours.com\/es\/wp-content\/uploads\/2025\/05\/3-days-Marrakech-desert-trip-3.jpg ,https:\/\/daysmoroccotours.com\/es\/wp-content\/uploads\/2025\/05\/3-days-Marrakech-desert-trip-3.jpg 780w, https:\/\/daysmoroccotours.com\/es\/wp-content\/uploads\/2025\/05\/3-days-Marrakech-desert-trip-3.jpg 360w\" sizes=\"auto, (max-width: 480px) 150px\" src=\"https:\/\/daysmoroccotours.com\/es\/wp-content\/uploads\/2025\/05\/3-days-Marrakech-desert-trip-3.jpg\" alt=\"\" class=\"uag-image-905\" width=\"7668\" height=\"3878\" title=\"3-days-Marrakech-desert-trip-3\" loading=\"lazy\" role=\"img\"\/><\/figure><\/div>\n\n\n\n<p><\/p>\n\n\n\n<p><\/p>\n\n\n\n<p><\/p>\n\n\n\n<p><\/p>\n\n\n\n<p><\/p>\n\n\n\n<p><\/p>\n\n\n\n<h2 class=\"wp-block-heading\">Sobre Days Morocco Tours<\/h2>\n\n\n\n<p>Days Morocco Tours fue fundada hace m\u00e1s de una d\u00e9cada por Addi. Mohamed y Rebeca se unieron al equipo hace 4 a\u00f1os, cada uno aportando su experiencia y pasi\u00f3n \u00fanicas. Addi, un bereber con m\u00e1s de 15 a\u00f1os de experiencia en turismo, estudi\u00f3 ingl\u00e9s en la universidad, asegurando una comunicaci\u00f3n fluida para nuestros hu\u00e9spedes. Rebeca, espa\u00f1ola, gran conocedora de Marruecos, que estudi\u00f3 traducci\u00f3n en Alemania, a\u00f1ade un toque multicultural a nuestro equipo. Mohamed, el esposo de Rebeca, cuenta con m\u00e1s de una d\u00e9cada de experiencia en turismo en Marruecos, y juntos han estado mostrando la belleza de Marruecos a los viajeros durante los \u00faltimos a\u00f1os.<\/p>\n\n\n\n<p>Nuestro viaje comenz\u00f3 con un objetivo simple pero audaz: mostrar a los viajeros la verdadera belleza de Marruecos mientras desmantelamos estereotipos. Con las habilidades locales y culturales de Addi, las perspectivas multiculturales de Rebeca y la experiencia local de Mohamed, hemos creado viajes personalizados que capturan el coraz\u00f3n y el alma de Marruecos.<\/p>\n\n\n\n<p>Impulsados por nuestra creencia en el poder transformador de los viajes, hemos ido m\u00e1s all\u00e1 del turismo para crear conexiones y fomentar el entendimiento. Desde los vibrantes mercados de Marrakech hasta las tranquilas dunas del Sahara, cada paso con nosotros es una celebraci\u00f3n de la cultura, la diversidad y la hospitalidad genuina.<\/p>\n\n\n\n<p>A medida que seguimos creciendo, nuestro compromiso de compartir la verdadera esencia de estos destinos sigue siendo inquebrantable. Guiados por nuestra pasi\u00f3n y alimentados por la calidez de nuestro equipo, te invitamos a unirte a nosotros en un viaje de descubrimiento y conexi\u00f3n con Days Morocco Tours.<\/p>\n\n\n\n<div class=\"wp-block-media-text is-stacked-on-mobile\"><figure class=\"wp-block-media-text__media\"><img loading=\"lazy\" decoding=\"async\" width=\"676\" height=\"800\" src=\"https:\/\/daysmoroccotours.com\/es\/wp-content\/uploads\/2025\/05\/1000573162-1.jpg\" alt=\"\" class=\"wp-image-900 size-full\" srcset=\"https:\/\/daysmoroccotours.com\/es\/wp-content\/uploads\/2025\/05\/1000573162-1.jpg 676w, https:\/\/daysmoroccotours.com\/es\/wp-content\/uploads\/2025\/05\/1000573162-1-254x300.jpg 254w\" sizes=\"auto, (max-width: 676px) 100vw, 676px\" \/><\/figure><div class=\"wp-block-media-text__content\">\n<p>Los antepasados de Addi eran n\u00f3madas bereberes que se desplazaban en busca de agua y pasto para sus animales mientras viv\u00edan en tiendas. Addi creci\u00f3 en muchos pueblos peque\u00f1os despu\u00e9s de comenzar la escuela en la aldea cuando ten\u00eda 7 a\u00f1os. Naci\u00f3 en una tienda.<\/p>\n\n\n\n<p>Addi siempre quiso ser gu\u00eda tur\u00edstico desde que creci\u00f3 en la aldea tur\u00edstica de RAMLIA, donde pod\u00eda viajar, aprender sobre otras culturas, conocer gente y compartir la suya propia. Antes de conocer a los otros miembros del equipo y fundar Days Morocco Tours, dedic\u00f3 mucho esfuerzo a estudiar idiomas y perseguir su sue\u00f1o de ser gu\u00eda.<\/p>\n\n\n\n<p>El objetivo principal de Addi es desmentir estereotipos y presentar una cara diferente de esta naci\u00f3n. Cree que Marruecos ofrece mucho m\u00e1s de lo que suele informarse en los medios. Organiza viajes \u00e9ticos y sostenibles para mejorar estos entornos y colaborar con la poblaci\u00f3n local.<\/p>\n\n\n\n<p>Addi no solo quiere que sus clientes tengan unas vacaciones memorables, sino que tambi\u00e9n quiere ayudar a las comunidades locales a prosperar econ\u00f3mica y socialmente. Este es un aspecto crucial de su trabajo; por lo tanto, se asegura de que cada viaje sea gratificante tanto para los viajeros como para las personas y lugares que encuentran.<\/p>\n\n\n\n<p>Con clientes de Canad\u00e1, Australia, Estados Unidos, Reino Unido, Colombia, M\u00e9xico y Argentina, Daysmoroccotours.com es ahora una de las tres principales empresas de viajes de lujo en Marruecos. Addi se asegura de romper estereotipos marroqu\u00edes y resaltar los aspectos menos conocidos de una naci\u00f3n que, una vez que te atrapa, te mantiene para siempre.<\/p>\n\n\n\n<hr class=\"wp-block-kenta-blocks-separator kb-separator-55c62dce kb-separator\"\/>\n\n\n\n<hr class=\"wp-block-kenta-blocks-separator kb-separator-07983802 kb-separator\"\/>\n\n\n\n<hr class=\"wp-block-kenta-blocks-separator kb-separator-c9775ac2 kb-separator\"\/>\n<\/div><\/div>\n\n\n\n<div class=\"wp-block-media-text is-stacked-on-mobile is-image-fill-element\"><figure class=\"wp-block-media-text__media\"><img loading=\"lazy\" decoding=\"async\" width=\"900\" height=\"600\" src=\"https:\/\/daysmoroccotours.com\/es\/wp-content\/uploads\/2024\/06\/dess-1.jpg\" alt=\"El mejor viaje de 10 d\u00edas a Marruecos\" class=\"wp-image-310 size-full\" style=\"object-position:50% 50%\" srcset=\"https:\/\/daysmoroccotours.com\/es\/wp-content\/uploads\/2024\/06\/dess-1.jpg 900w, https:\/\/daysmoroccotours.com\/es\/wp-content\/uploads\/2024\/06\/dess-1-300x200.jpg 300w, https:\/\/daysmoroccotours.com\/es\/wp-content\/uploads\/2024\/06\/dess-1-768x512.jpg 768w\" sizes=\"auto, (max-width: 900px) 100vw, 900px\" \/><\/figure><div class=\"wp-block-media-text__content\">\n<p>Conoce a Ali, un profesional con mucha experiencia en el mundo del turismo. Nacido en Merzouga, Marruecos, comenz\u00f3 su camino en este sector cuando ten\u00eda solo 17 a\u00f1os. Trabaj\u00f3 en varios hoteles y campamentos en el desierto, donde aprendi\u00f3 mucho sobre la hospitalidad y c\u00f3mo tratar bien a los viajeros. Durante varios a\u00f1os fue gu\u00eda tur\u00edstico, viajando por diferentes lugares y ayudando a que la gente viviera momentos inolvidables. Tambi\u00e9n sabe c\u00f3mo montar campamentos en el desierto, lo que le da una visi\u00f3n muy completa del trabajo. Hace cinco a\u00f1os, Ali se mud\u00f3 a Espa\u00f1a para seguir su pasi\u00f3n por el turismo. Gracias a toda su experiencia y a su visi\u00f3n multicultural, Ali ofrece una forma nueva y muy personal de vivir los viajes.<\/p>\n\n\n\n<hr class=\"wp-block-kenta-blocks-separator kb-separator-fca2b1ce kb-separator\"\/>\n\n\n\n<hr class=\"wp-block-kenta-blocks-separator kb-separator-4ef998e7 kb-separator\"\/>\n<\/div><\/div>\n\n\n\n<div class=\"wp-block-uagb-container uagb-block-4388a356 alignfull uagb-is-root-container\"><div class=\"uagb-container-inner-blocks-wrap\"><\/div><\/div>\n\n\n\n<div class=\"wp-block-media-text is-stacked-on-mobile\" style=\"grid-template-columns:47% auto\"><figure class=\"wp-block-media-text__media\"><img loading=\"lazy\" decoding=\"async\" width=\"800\" height=\"600\" src=\"https:\/\/daysmoroccotours.com\/es\/wp-content\/uploads\/2025\/05\/1000615132.jpg\" alt=\"\" class=\"wp-image-899 size-large\" srcset=\"https:\/\/daysmoroccotours.com\/es\/wp-content\/uploads\/2025\/05\/1000615132.jpg 800w, https:\/\/daysmoroccotours.com\/es\/wp-content\/uploads\/2025\/05\/1000615132-300x225.jpg 300w, https:\/\/daysmoroccotours.com\/es\/wp-content\/uploads\/2025\/05\/1000615132-768x576.jpg 768w\" sizes=\"auto, (max-width: 800px) 100vw, 800px\" \/><\/figure><div class=\"wp-block-media-text__content\">\n<p>Hassan es un gu\u00eda tur\u00edstico apasionado con una historia \u00fanica. Naci\u00f3 en una familia n\u00f3mada y vivi\u00f3 en el desierto hasta los 8 a\u00f1os, cuando se mud\u00f3 a un peque\u00f1o pueblo para ir a la escuela. Fue all\u00ed donde descubri\u00f3 su amor por el turismo. A menudo ve\u00eda gu\u00edas tur\u00edsticos visitando el pueblo con viajeros de diferentes pa\u00edses, y le llamaba la atenci\u00f3n lo mucho que disfrutaban su trabajo: explorando Marruecos y compartiendo su belleza con los dem\u00e1s. Inspirado por esto, Hassan so\u00f1\u00f3 con convertirse en gu\u00eda. Se esforz\u00f3 mucho por aprender nuevos idiomas, as\u00ed como la historia y la cultura de Marruecos. En 2014, comenz\u00f3 su carrera en el turismo con otra empresa y m\u00e1s tarde se uni\u00f3 al equipo de Days Morocco Tours. Hoy en d\u00eda, Hassan est\u00e1 cumpliendo su sue\u00f1o, guiando a los viajeros con entusiasmo y dedicaci\u00f3n.<\/p>\n<\/div><\/div>\n","protected":false},"excerpt":{"rendered":"<p>Sobre Days Morocco Tours Days Morocco Tours fue fundada hace m\u00e1s de una d\u00e9cada por Addi. Mohamed y Rebeca se [&hellip;]<\/p>\n","protected":false},"author":2,"featured_media":0,"parent":0,"menu_order":0,"comment_status":"closed","ping_status":"closed","template":"","meta":{"_uag_custom_page_level_css":"","site-sidebar-layout":"default","site-content-layout":"","ast-site-content-layout":"","site-content-style":"default","site-sidebar-style":"default","ast-global-header-display":"","ast-banner-title-visibility":"","ast-main-header-display":"","ast-hfb-above-header-display":"","ast-hfb-below-header-display":"","ast-hfb-mobile-header-display":"","site-post-title":"","ast-breadcrumbs-content":"","ast-featured-img":"","footer-sml-layout":"","theme-transparent-header-meta":"","adv-header-id-meta":"","stick-header-meta":"","header-above-stick-meta":"","header-main-stick-meta":"","header-below-stick-meta":"","astra-migrate-meta-layouts":"default","ast-page-background-enabled":"default","ast-page-background-meta":{"desktop":{"background-color":"var(--ast-global-color-4)","background-image":"","background-repeat":"repeat","background-position":"center center","background-size":"auto","background-attachment":"scroll","background-type":"","background-media":"","overlay-type":"","overlay-color":"","overlay-opacity":"","overlay-gradient":""},"tablet":{"background-color":"","background-image":"","background-repeat":"repeat","background-position":"center center","background-size":"auto","background-attachment":"scroll","background-type":"","background-media":"","overlay-type":"","overlay-color":"","overlay-opacity":"","overlay-gradient":""},"mobile":{"background-color":"","background-image":"","background-repeat":"repeat","background-position":"center center","background-size":"auto","background-attachment":"scroll","background-type":"","background-media":"","overlay-type":"","overlay-color":"","overlay-opacity":"","overlay-gradient":""}},"ast-content-background-meta":{"desktop":{"background-color":"var(--ast-global-color-5)","background-image":"","background-repeat":"repeat","background-position":"center center","background-size":"auto","background-attachment":"scroll","background-type":"","background-media":"","overlay-type":"","overlay-color":"","overlay-opacity":"","overlay-gradient":""},"tablet":{"background-color":"var(--ast-global-color-5)","background-image":"","background-repeat":"repeat","background-position":"center center","background-size":"auto","background-attachment":"scroll","background-type":"","background-media":"","overlay-type":"","overlay-color":"","overlay-opacity":"","overlay-gradient":""},"mobile":{"background-color":"var(--ast-global-color-5)","background-image":"","background-repeat":"repeat","background-position":"center center","background-size":"auto","background-attachment":"scroll","background-type":"","background-media":"","overlay-type":"","overlay-color":"","overlay-opacity":"","overlay-gradient":""}},"footnotes":""},"class_list":["post-449","page","type-page","status-publish","hentry"],"yoast_head":"<!-- This site is optimized with the Yoast SEO plugin v25.3 - https:\/\/yoast.com\/wordpress\/plugins\/seo\/ -->\n<title>Sobre Nosotros - Days Morocco Tours<\/title>\n<meta name=\"description\" content=\"Descubre el equipo de Days Morocco Tours\" \/>\n<meta name=\"robots\" content=\"index, follow, max-snippet:-1, max-image-preview:large, max-video-preview:-1\" \/>\n<link rel=\"canonical\" href=\"https:\/\/daysmoroccotours.com\/es\/sobre-nosotros\/\" \/>\n<meta property=\"og:locale\" content=\"en_US\" \/>\n<meta property=\"og:type\" content=\"article\" \/>\n<meta property=\"og:title\" content=\"Sobre Nosotros - Days Morocco Tours\" \/>\n<meta property=\"og:description\" content=\"Descubre el equipo de Days Morocco Tours\" \/>\n<meta property=\"og:url\" content=\"https:\/\/daysmoroccotours.com\/es\/sobre-nosotros\/\" \/>\n<meta property=\"og:site_name\" content=\"Days Morocco Tours\" \/>\n<meta property=\"article:modified_time\" content=\"2025-05-06T14:05:20+00:00\" \/>\n<meta property=\"og:image\" content=\"https:\/\/daysmoroccotours.com\/es\/wp-content\/uploads\/2025\/05\/3-days-Marrakech-desert-trip-3.jpg\" \/>\n<meta name=\"twitter:card\" content=\"summary_large_image\" \/>\n<meta name=\"twitter:label1\" content=\"Est. reading time\" \/>\n\t<meta name=\"twitter:data1\" content=\"5 minutes\" \/>\n<script type=\"application\/ld+json\" class=\"yoast-schema-graph\">{\"@context\":\"https:\/\/schema.org\",\"@graph\":[{\"@type\":\"WebPage\",\"@id\":\"https:\/\/daysmoroccotours.com\/es\/sobre-nosotros\/\",\"url\":\"https:\/\/daysmoroccotours.com\/es\/sobre-nosotros\/\",\"name\":\"Sobre Nosotros - Days Morocco Tours\",\"isPartOf\":{\"@id\":\"https:\/\/daysmoroccotours.com\/es\/#website\"},\"primaryImageOfPage\":{\"@id\":\"https:\/\/daysmoroccotours.com\/es\/sobre-nosotros\/#primaryimage\"},\"image\":{\"@id\":\"https:\/\/daysmoroccotours.com\/es\/sobre-nosotros\/#primaryimage\"},\"thumbnailUrl\":\"https:\/\/daysmoroccotours.com\/es\/wp-content\/uploads\/2025\/05\/3-days-Marrakech-desert-trip-3.jpg\",\"datePublished\":\"2024-06-27T14:56:15+00:00\",\"dateModified\":\"2025-05-06T14:05:20+00:00\",\"description\":\"Descubre el equipo de Days Morocco Tours\",\"breadcrumb\":{\"@id\":\"https:\/\/daysmoroccotours.com\/es\/sobre-nosotros\/#breadcrumb\"},\"inLanguage\":\"en-US\",\"potentialAction\":[{\"@type\":\"ReadAction\",\"target\":[\"https:\/\/daysmoroccotours.com\/es\/sobre-nosotros\/\"]}]},{\"@type\":\"ImageObject\",\"inLanguage\":\"en-US\",\"@id\":\"https:\/\/daysmoroccotours.com\/es\/sobre-nosotros\/#primaryimage\",\"url\":\"https:\/\/daysmoroccotours.com\/es\/wp-content\/uploads\/2025\/05\/3-days-Marrakech-desert-trip-3.jpg\",\"contentUrl\":\"https:\/\/daysmoroccotours.com\/es\/wp-content\/uploads\/2025\/05\/3-days-Marrakech-desert-trip-3.jpg\",\"width\":900,\"height\":600},{\"@type\":\"BreadcrumbList\",\"@id\":\"https:\/\/daysmoroccotours.com\/es\/sobre-nosotros\/#breadcrumb\",\"itemListElement\":[{\"@type\":\"ListItem\",\"position\":1,\"name\":\"Home\",\"item\":\"https:\/\/daysmoroccotours.com\/es\/\"},{\"@type\":\"ListItem\",\"position\":2,\"name\":\"Sobre Nosotros\"}]},{\"@type\":\"WebSite\",\"@id\":\"https:\/\/daysmoroccotours.com\/es\/#website\",\"url\":\"https:\/\/daysmoroccotours.com\/es\/\",\"name\":\"Days Morocco Tours\",\"description\":\"Tours por todo Marruecos\",\"publisher\":{\"@id\":\"https:\/\/daysmoroccotours.com\/es\/#organization\"},\"potentialAction\":[{\"@type\":\"SearchAction\",\"target\":{\"@type\":\"EntryPoint\",\"urlTemplate\":\"https:\/\/daysmoroccotours.com\/es\/?s={search_term_string}\"},\"query-input\":{\"@type\":\"PropertyValueSpecification\",\"valueRequired\":true,\"valueName\":\"search_term_string\"}}],\"inLanguage\":\"en-US\"},{\"@type\":\"Organization\",\"@id\":\"https:\/\/daysmoroccotours.com\/es\/#organization\",\"name\":\"Days Morocco Tours\",\"url\":\"https:\/\/daysmoroccotours.com\/es\/\",\"logo\":{\"@type\":\"ImageObject\",\"inLanguage\":\"en-US\",\"@id\":\"https:\/\/daysmoroccotours.com\/es\/#\/schema\/logo\/image\/\",\"url\":\"https:\/\/daysmoroccotours.com\/es\/wp-content\/uploads\/2024\/05\/cropped-logo-2-2.png\",\"contentUrl\":\"https:\/\/daysmoroccotours.com\/es\/wp-content\/uploads\/2024\/05\/cropped-logo-2-2.png\",\"width\":165,\"height\":50,\"caption\":\"Days Morocco Tours\"},\"image\":{\"@id\":\"https:\/\/daysmoroccotours.com\/es\/#\/schema\/logo\/image\/\"}}]}<\/script>\n<!-- \/ Yoast SEO plugin. -->","yoast_head_json":{"title":"Sobre Nosotros - Days Morocco Tours","description":"Descubre el equipo de Days Morocco Tours","robots":{"index":"index","follow":"follow","max-snippet":"max-snippet:-1","max-image-preview":"max-image-preview:large","max-video-preview":"max-video-preview:-1"},"canonical":"https:\/\/daysmoroccotours.com\/es\/sobre-nosotros\/","og_locale":"en_US","og_type":"article","og_title":"Sobre Nosotros - Days Morocco Tours","og_description":"Descubre el equipo de Days Morocco Tours","og_url":"https:\/\/daysmoroccotours.com\/es\/sobre-nosotros\/","og_site_name":"Days Morocco Tours","article_modified_time":"2025-05-06T14:05:20+00:00","og_image":[{"url":"https:\/\/daysmoroccotours.com\/es\/wp-content\/uploads\/2025\/05\/3-days-Marrakech-desert-trip-3.jpg","type":"","width":"","height":""}],"twitter_card":"summary_large_image","twitter_misc":{"Est. reading time":"5 minutes"},"schema":{"@context":"https:\/\/schema.org","@graph":[{"@type":"WebPage","@id":"https:\/\/daysmoroccotours.com\/es\/sobre-nosotros\/","url":"https:\/\/daysmoroccotours.com\/es\/sobre-nosotros\/","name":"Sobre Nosotros - Days Morocco Tours","isPartOf":{"@id":"https:\/\/daysmoroccotours.com\/es\/#website"},"primaryImageOfPage":{"@id":"https:\/\/daysmoroccotours.com\/es\/sobre-nosotros\/#primaryimage"},"image":{"@id":"https:\/\/daysmoroccotours.com\/es\/sobre-nosotros\/#primaryimage"},"thumbnailUrl":"https:\/\/daysmoroccotours.com\/es\/wp-content\/uploads\/2025\/05\/3-days-Marrakech-desert-trip-3.jpg","datePublished":"2024-06-27T14:56:15+00:00","dateModified":"2025-05-06T14:05:20+00:00","description":"Descubre el equipo de Days Morocco Tours","breadcrumb":{"@id":"https:\/\/daysmoroccotours.com\/es\/sobre-nosotros\/#breadcrumb"},"inLanguage":"en-US","potentialAction":[{"@type":"ReadAction","target":["https:\/\/daysmoroccotours.com\/es\/sobre-nosotros\/"]}]},{"@type":"ImageObject","inLanguage":"en-US","@id":"https:\/\/daysmoroccotours.com\/es\/sobre-nosotros\/#primaryimage","url":"https:\/\/daysmoroccotours.com\/es\/wp-content\/uploads\/2025\/05\/3-days-Marrakech-desert-trip-3.jpg","contentUrl":"https:\/\/daysmoroccotours.com\/es\/wp-content\/uploads\/2025\/05\/3-days-Marrakech-desert-trip-3.jpg","width":900,"height":600},{"@type":"BreadcrumbList","@id":"https:\/\/daysmoroccotours.com\/es\/sobre-nosotros\/#breadcrumb","itemListElement":[{"@type":"ListItem","position":1,"name":"Home","item":"https:\/\/daysmoroccotours.com\/es\/"},{"@type":"ListItem","position":2,"name":"Sobre Nosotros"}]},{"@type":"WebSite","@id":"https:\/\/daysmoroccotours.com\/es\/#website","url":"https:\/\/daysmoroccotours.com\/es\/","name":"Days Morocco Tours","description":"Tours por todo Marruecos","publisher":{"@id":"https:\/\/daysmoroccotours.com\/es\/#organization"},"potentialAction":[{"@type":"SearchAction","target":{"@type":"EntryPoint","urlTemplate":"https:\/\/daysmoroccotours.com\/es\/?s={search_term_string}"},"query-input":{"@type":"PropertyValueSpecification","valueRequired":true,"valueName":"search_term_string"}}],"inLanguage":"en-US"},{"@type":"Organization","@id":"https:\/\/daysmoroccotours.com\/es\/#organization","name":"Days Morocco Tours","url":"https:\/\/daysmoroccotours.com\/es\/","logo":{"@type":"ImageObject","inLanguage":"en-US","@id":"https:\/\/daysmoroccotours.com\/es\/#\/schema\/logo\/image\/","url":"https:\/\/daysmoroccotours.com\/es\/wp-content\/uploads\/2024\/05\/cropped-logo-2-2.png","contentUrl":"https:\/\/daysmoroccotours.com\/es\/wp-content\/uploads\/2024\/05\/cropped-logo-2-2.png","width":165,"height":50,"caption":"Days Morocco Tours"},"image":{"@id":"https:\/\/daysmoroccotours.com\/es\/#\/schema\/logo\/image\/"}}]}},"uagb_featured_image_src":{"full":false,"thumbnail":false,"medium":false,"medium_large":false,"large":false,"1536x1536":false,"2048x2048":false},"uagb_author_info":{"display_name":"Rebeca S\u00e1nchez","author_link":"https:\/\/daysmoroccotours.com\/es\/author\/rebeca-admin-es\/"},"uagb_comment_info":0,"uagb_excerpt":"Sobre Days Morocco Tours Days Morocco Tours fue fundada hace m\u00e1s de una d\u00e9cada por Addi. Mohamed y Rebeca se [&hellip;]","_links":{"self":[{"href":"https:\/\/daysmoroccotours.com\/es\/wp-json\/wp\/v2\/pages\/449","targetHints":{"allow":["GET"]}}],"collection":[{"href":"https:\/\/daysmoroccotours.com\/es\/wp-json\/wp\/v2\/pages"}],"about":[{"href":"https:\/\/daysmoroccotours.com\/es\/wp-json\/wp\/v2\/types\/page"}],"author":[{"embeddable":true,"href":"https:\/\/daysmoroccotours.com\/es\/wp-json\/wp\/v2\/users\/2"}],"replies":[{"embeddable":true,"href":"https:\/\/daysmoroccotours.com\/es\/wp-json\/wp\/v2\/comments?post=449"}],"version-history":[{"count":11,"href":"https:\/\/daysmoroccotours.com\/es\/wp-json\/wp\/v2\/pages\/449\/revisions"}],"predecessor-version":[{"id":911,"href":"https:\/\/daysmoroccotours.com\/es\/wp-json\/wp\/v2\/pages\/449\/revisions\/911"}],"wp:attachment":[{"href":"https:\/\/daysmoroccotours.com\/es\/wp-json\/wp\/v2\/media?parent=449"}],"curies":[{"name":"wp","href":"https:\/\/api.w.org\/{rel}","templated":true}]}}